{"id":16,"date":"2021-12-24T12:32:12","date_gmt":"2021-12-24T11:32:12","guid":{"rendered":"http:\/\/renergies.fr\/?page_id=16"},"modified":"2025-11-19T14:29:59","modified_gmt":"2025-11-19T13:29:59","slug":"contact","status":"publish","type":"page","link":"https:\/\/renergies.fr\/index.php\/contact\/","title":{"rendered":"Nous contacter"},"content":{"rendered":"<div class=\"style-340 style-local-16-c1 position-relative\" data-colibri-id=\"16-c1\">\n<div id=\"custom\" class=\"h-section h-section-global-spacing d-flex align-items-lg-center align-items-md-center align-items-center style-391 style-local-16-c2 position-relative\" data-colibri-component=\"section\" data-colibri-id=\"16-c2\">\n<div class=\"h-separator\" style=\"height: 46px; bottom: calc(0px);\"><\/div>\n<div class=\"h-section-grid-container h-section-boxed-container\">\n<div class=\"h-row-container gutters-row-lg-2 gutters-row-md-2 gutters-row-0 gutters-row-v-lg-2 gutters-row-v-md-2 gutters-row-v-2 style-392 style-local-16-c3 position-relative\" data-colibri-id=\"16-c3\">\n<div class=\"h-row justify-content-lg-center justify-content-md-center justify-content-center align-items-lg-stretch align-items-md-stretch align-items-stretch gutters-col-lg-2 gutters-col-md-2 gutters-col-0 gutters-col-v-lg-2 gutters-col-v-md-2 gutters-col-v-2\">\n<div class=\"h-column h-column-container d-flex h-col-lg-auto h-col-md-auto h-col-auto style-393-outer style-local-16-c4-outer\">\n<div class=\"d-flex h-flex-basis h-column__inner h-px-lg-2 h-px-md-2 h-px-2 v-inner-lg-2 v-inner-md-2 v-inner-2 style-393 style-local-16-c4 position-relative\" data-colibri-id=\"16-c4\">\n<div class=\"w-100 h-y-container h-column__content h-column__v-align flex-basis-100 align-self-lg-center align-self-md-center align-self-center\">\n<div class=\"h-text h-text-component style-396 style-local-16-c5 position-relative h-element\" data-colibri-id=\"16-c5\">\n<div class=\"\">\n\nSi vous souhaitez plus d&#8217;informations, n&#8217;h\u00e9sitez pas \u00e0 nous contacter.\n\n<\/div>\n<\/div>\n<\/div>\n<\/div>\n<\/div>\n<div class=\"h-column h-column-container d-flex h-col-lg-auto h-col-md-auto h-col-auto style-395-outer style-local-16-c6-outer\">\n<div class=\"d-flex h-flex-basis h-column__inner h-px-lg-2 h-px-md-2 h-px-2 v-inner-lg-2 v-inner-md-2 v-inner-2 style-395 style-local-16-c6 position-relative\" data-colibri-id=\"16-c6\">\n<div class=\"w-100 h-y-container h-column__content h-column__v-align flex-basis-100 align-self-lg-start align-self-md-start align-self-start\">\n<div class=\"h-text h-text-component style-616 style-local-16-c7 position-relative h-element\" data-colibri-id=\"16-c7\">\n<div class=\"\">\n\n69130 Ecully, France\n\n06 45 78 93 81\n\ndirection@renergies.fr\n\n<\/div>\n<\/div>\n<\/div>\n<\/div>\n<\/div>\n<\/div>\n<\/div>\n<\/div>\n<\/div>\n<div id=\"formulaire\" class=\"h-section h-section-global-spacing d-flex align-items-lg-center align-items-md-center align-items-center style-424 style-local-16-c8 position-relative\" data-colibri-component=\"section\" data-colibri-id=\"16-c8\">\n<div class=\"h-section-grid-container h-section-boxed-container\">\n<div class=\"h-row-container gutters-row-lg-2 gutters-row-md-2 gutters-row-0 gutters-row-v-lg-2 gutters-row-v-md-2 gutters-row-v-2 style-436 style-local-16-c9 position-relative\" data-colibri-id=\"16-c9\">\n<div class=\"h-row justify-content-lg-center justify-content-md-center justify-content-center align-items-lg-stretch align-items-md-stretch align-items-stretch gutters-col-lg-2 gutters-col-md-2 gutters-col-0 gutters-col-v-lg-2 gutters-col-v-md-2 gutters-col-v-2\">\n<div class=\"h-column h-column-container d-flex h-col-lg-auto h-col-md-auto h-col-auto style-437-outer style-local-16-c10-outer\">\n<div class=\"d-flex h-flex-basis h-column__inner h-px-lg-2 h-px-md-2 h-px-2 v-inner-lg-2 v-inner-md-2 v-inner-2 style-437 style-local-16-c10 position-relative\" data-colibri-id=\"16-c10\">\n<div class=\"w-100 h-y-container h-column__content h-column__v-align flex-basis-100 align-self-lg-start align-self-md-start align-self-start\">\n<div class=\"h-global-transition-all h-heading style-438 style-local-16-c11 position-relative h-element\" data-colibri-id=\"16-c11\">\n<div class=\"h-heading__outer style-438 style-local-16-c11\">\n<h2 class=\"\">Contactez-nous<\/h2>\n<\/div>\n<\/div>\n<div class=\"h-text h-text-component style-439 style-local-16-c12 position-relative h-element\" data-colibri-id=\"16-c12\">\n<div class=\"\">\n\nLaissez-nous vos coordonn\u00e9es et nous vous r\u00e9pondrons dans les plus brefs d\u00e9lais.\n\n<\/div>\n<\/div>\n<\/div>\n<\/div>\n<\/div>\n<\/div>\n<\/div>\n<div class=\"h-row-container gutters-row-lg-2 gutters-row-md-2 gutters-row-0 gutters-row-v-lg-2 gutters-row-v-md-2 gutters-row-v-2 style-431 style-local-16-c13 position-relative\" data-colibri-id=\"16-c13\">\n<div class=\"h-row justify-content-lg-center justify-content-md-center justify-content-center align-items-lg-stretch align-items-md-stretch align-items-stretch gutters-col-lg-2 gutters-col-md-2 gutters-col-0 gutters-col-v-lg-2 gutters-col-v-md-2 gutters-col-v-2\">\n<div class=\"h-column h-column-container d-flex h-col-lg-auto h-col-md-auto h-col-auto style-432-outer style-local-16-c14-outer\">\n<div class=\"d-flex h-flex-basis h-column__inner h-px-lg-2 h-px-md-2 h-px-2 v-inner-lg-2 v-inner-md-2 v-inner-2 style-432 style-local-16-c14 position-relative\" data-colibri-id=\"16-c14\">\n<div class=\"w-100 h-y-container h-column__content h-column__v-align flex-basis-100 align-self-lg-start align-self-md-start align-self-start\">\n<div class=\"h-contact-form__outer--forminator position-relative h-element\" data-colibri-id=\"16-c15\">\n<div class=\"h-global-transition-all h-global-transition h-global-transition-all h-contact-form-shortcode--no-style\"><div class=\"forminator-ui forminator-custom-form forminator-custom-form-630 forminator-design--material  forminator_ajax\" data-forminator-render=\"0\" data-form=\"forminator-module-630\" data-uid=\"69e5951b45625\"><br\/><\/div><form\n\t\t\t\tid=\"forminator-module-630\"\n\t\t\t\tclass=\"forminator-ui forminator-custom-form forminator-custom-form-630 forminator-design--material  forminator_ajax\"\n\t\t\t\tmethod=\"post\"\n\t\t\t\tdata-forminator-render=\"0\"\n\t\t\t\tdata-form-id=\"630\"\n\t\t\t\t\n\t\t\t\tdata-design=\"material\"\n\t\t\t\t\n\t\t\t\t\n\t\t\t\t\n\t\t\t\tdata-grid=\"open\"\n\t\t\t\t\n\t\t\t\t\n\t\t\t\tstyle=\"display: none;\"\n\t\t\t\t\n\t\t\t\tdata-uid=\"69e5951b45625\"\n\t\t\t><div class=\"forminator-response-message forminator-error\" aria-hidden=\"true\"><\/div><div class=\"forminator-row\"><div id=\"name-1\" class=\"forminator-col forminator-col-12 \"><div class=\"forminator-field\"><label for=\"forminator-field-name-1\" class=\"forminator-label\">Pr\u00e9nom Nom <span class=\"forminator-required\">*<\/span><\/label><input type=\"text\" name=\"name-1\" value=\"\" placeholder=\"\" id=\"forminator-field-name-1\" class=\"forminator-input forminator-name--field\" aria-required=\"true\" \/><\/div><\/div><\/div><div class=\"forminator-row\"><div id=\"email-1\" class=\"forminator-col forminator-col-12 \"><div class=\"forminator-field\"><label for=\"forminator-field-email-1\" class=\"forminator-label\">Email <span class=\"forminator-required\">*<\/span><\/label><input type=\"email\" name=\"email-1\" value=\"\" placeholder=\"\" id=\"forminator-field-email-1\" class=\"forminator-input forminator-email--field\" data-required=\"true\" aria-required=\"true\" \/><\/div><\/div><\/div><div class=\"forminator-row\"><div id=\"phone-1\" class=\"forminator-col forminator-col-12 \"><div class=\"forminator-field\"><label for=\"forminator-field-phone-1\" class=\"forminator-label\">Num\u00e9ro de t\u00e9l\u00e9phone<\/label><input type=\"text\" name=\"phone-1\" value=\"\" placeholder=\"\" id=\"forminator-field-phone-1\" class=\"forminator-input forminator-field--phone\" data-required=\"\" aria-required=\"false\" autocomplete=\"off\" \/><\/div><\/div><\/div><div class=\"forminator-row\"><div id=\"select-1\" class=\"forminator-col forminator-col-12 \"><div class=\"forminator-field\"><label for=\"forminator-form-630__field--select-1_69e5951b45625-label\" class=\"forminator-label\">Type de projet<\/label><div class=\"forminator-multiselect\"><label for=\"forminator-form-630__field--select-1_69e5951b45625-1\" class=\"forminator-option\"><input type=\"checkbox\" name=\"select-1[]\" value=\"Agrivolta\u00efsme\" id=\"forminator-form-630__field--select-1_69e5951b45625-1\" data-calculation=\"0\"  \/>Agrivolta\u00efsme<\/label><label for=\"forminator-form-630__field--select-1_69e5951b45625-2\" class=\"forminator-option\"><input type=\"checkbox\" name=\"select-1[]\" value=\"Champs-au-sol\" id=\"forminator-form-630__field--select-1_69e5951b45625-2\" data-calculation=\"0\"  \/>Champs au sol<\/label><label for=\"forminator-form-630__field--select-1_69e5951b45625-3\" class=\"forminator-option\"><input type=\"checkbox\" name=\"select-1[]\" value=\"Ombri\u00e8re-solaire\" id=\"forminator-form-630__field--select-1_69e5951b45625-3\" data-calculation=\"0\"  \/>Ombri\u00e8re solaire<\/label><label for=\"forminator-form-630__field--select-1_69e5951b45625-4\" class=\"forminator-option\"><input type=\"checkbox\" name=\"select-1[]\" value=\"Solaire-toiture\" id=\"forminator-form-630__field--select-1_69e5951b45625-4\" data-calculation=\"0\"  \/>Solaire toiture <\/label><label for=\"forminator-form-630__field--select-1_69e5951b45625-5\" class=\"forminator-option\"><input type=\"checkbox\" name=\"select-1[]\" value=\"Autre\" id=\"forminator-form-630__field--select-1_69e5951b45625-5\" data-calculation=\"0\"  \/>Autre<\/label><input type='hidden' name='select-1-multiselect-default-values' class='multiselect-default-values' value='' \/><\/div><\/div><\/div><\/div><div class=\"forminator-row\"><div id=\"textarea-1\" class=\"forminator-col forminator-col-12 \"><div class=\"forminator-field\"><label for=\"forminator-field-textarea-1\" class=\"forminator-label\">Apportez-nous plus de pr\u00e9cisions...<\/label><textarea name=\"textarea-1\" placeholder=\"Saisissez votre message\u2026\" id=\"forminator-field-textarea-1\" class=\"forminator-textarea\" rows=\"6\" style=\"min-height:140px;\" maxlength=\"180\" ><\/textarea><span class=\"forminator-description\"><span data-limit=\"180\" data-type=\"characters\">0 \/ 180<\/span><\/span><\/div><\/div><\/div><div class=\"forminator-row\"><div id=\"captcha-1\" class=\"forminator-col forminator-col-12 \"><div class=\"forminator-g-recaptcha\" data-theme=\"light\"  data-sitekey=\"6LfrmhkgAAAAAJ3iibbSdjWF05JR4OYDd7d8WbLM\" data-size=\"normal\"><\/div> <\/div><\/div><input type=\"hidden\" name=\"referer_url\" value=\"\" \/><div class=\"forminator-row forminator-row-last\"><div class=\"forminator-col\"><div class=\"forminator-field\"><button class=\"forminator-button forminator-button-submit\"><span>Envoyer<\/span><span aria-hidden=\"true\"><\/span><\/button><\/div><\/div><\/div><input type=\"hidden\" id=\"forminator_nonce\" name=\"forminator_nonce\" value=\"1a00779dc5\" \/><input type=\"hidden\" name=\"_wp_http_referer\" value=\"\/index.php\/wp-json\/wp\/v2\/pages\/16\" \/><input type=\"hidden\" name=\"form_id\" value=\"630\"><input type=\"hidden\" name=\"page_id\" value=\"16\"><input type=\"hidden\" name=\"form_type\" value=\"default\"><input type=\"hidden\" name=\"current_url\" value=\"https:\/\/renergies.fr\/index.php\/contact\/\"><input type=\"hidden\" name=\"render_id\" value=\"0\"><input type=\"hidden\" name=\"action\" value=\"forminator_submit_form_custom-forms\"><\/form><\/div>\n<\/div>\n<\/div>\n<\/div>\n<\/div>\n<\/div>\n<\/div>\n<\/div>\n<\/div>\n<\/div>","protected":false},"excerpt":{"rendered":"<p>Si vous souhaitez plus d&#8217;informations, n&#8217;h\u00e9sitez pas \u00e0 nous contacter. 69130 Ecully, France 06 45 78 93 81 direction@renergies.fr Contactez-nous Laissez-nous vos coordonn\u00e9es et nous vous r\u00e9pondrons dans les plus brefs d\u00e9lais.<\/p>\n","protected":false},"author":1,"featured_media":11,"parent":0,"menu_order":0,"comment_status":"closed","ping_status":"closed","template":"page-templates\/full-width-page.php","meta":{"footnotes":""},"class_list":["post-16","page","type-page","status-publish","has-post-thumbnail","hentry"],"_links":{"self":[{"href":"https:\/\/renergies.fr\/index.php\/wp-json\/wp\/v2\/pages\/16","targetHints":{"allow":["GET"]}}],"collection":[{"href":"https:\/\/renergies.fr\/index.php\/wp-json\/wp\/v2\/pages"}],"about":[{"href":"https:\/\/renergies.fr\/index.php\/wp-json\/wp\/v2\/types\/page"}],"author":[{"embeddable":true,"href":"https:\/\/renergies.fr\/index.php\/wp-json\/wp\/v2\/users\/1"}],"replies":[{"embeddable":true,"href":"https:\/\/renergies.fr\/index.php\/wp-json\/wp\/v2\/comments?post=16"}],"version-history":[{"count":20,"href":"https:\/\/renergies.fr\/index.php\/wp-json\/wp\/v2\/pages\/16\/revisions"}],"predecessor-version":[{"id":2043,"href":"https:\/\/renergies.fr\/index.php\/wp-json\/wp\/v2\/pages\/16\/revisions\/2043"}],"wp:featuredmedia":[{"embeddable":true,"href":"https:\/\/renergies.fr\/index.php\/wp-json\/wp\/v2\/media\/11"}],"wp:attachment":[{"href":"https:\/\/renergies.fr\/index.php\/wp-json\/wp\/v2\/media?parent=16"}],"curies":[{"name":"wp","href":"https:\/\/api.w.org\/{rel}","templated":true}]}}