{"id":360,"date":"2022-01-18T16:36:21","date_gmt":"2022-01-18T15:36:21","guid":{"rendered":"http:\/\/renergies.fr\/?page_id=360"},"modified":"2022-07-22T16:18:07","modified_gmt":"2022-07-22T14:18:07","slug":"nos-offres","status":"publish","type":"page","link":"https:\/\/renergies.fr\/index.php\/nos-offres\/","title":{"rendered":"Nos offres"},"content":{"rendered":"<div data-colibri-id=\"360-c1\" class=\"style-442 style-local-360-c1 position-relative\">\n  <!---->\n  <div data-colibri-component=\"section\" data-colibri-id=\"360-c2\" id=\"solaire-au-sol\" class=\"h-section h-section-global-spacing d-flex align-items-lg-center align-items-md-center align-items-center style-474 style-local-360-c2 position-relative\">\n    <!---->\n    <!---->\n    <div class=\"h-section-grid-container h-section-boxed-container\">\n      <!---->\n      <div data-colibri-id=\"360-c3\" class=\"h-row-container gutters-row-lg-2 gutters-row-md-2 gutters-row-0 gutters-row-v-lg-2 gutters-row-v-md-2 gutters-row-v-2 style-483 style-local-360-c3 position-relative\">\n        <!---->\n        <div class=\"h-row justify-content-lg-center justify-content-md-center justify-content-center align-items-lg-stretch align-items-md-stretch align-items-stretch gutters-col-lg-2 gutters-col-md-2 gutters-col-0 gutters-col-v-lg-2 gutters-col-v-md-2 gutters-col-v-2\">\n          <!---->\n          <div class=\"h-column h-column-container d-flex h-col-lg-auto h-col-md-auto h-col-auto style-484-outer style-local-360-c4-outer\">\n            <div data-colibri-id=\"360-c4\" class=\"d-flex h-flex-basis h-column__inner h-px-lg-2 h-px-md-2 h-px-2 v-inner-lg-2 v-inner-md-2 v-inner-2 style-484 style-local-360-c4 position-relative\">\n              <!---->\n              <!---->\n              <div class=\"w-100 h-y-container h-column__content h-column__v-align flex-basis-100 align-self-lg-start align-self-md-start align-self-start\">\n                <!---->\n                <div data-colibri-id=\"360-c5\" class=\"h-global-transition-all h-heading style-488 style-local-360-c5 position-relative h-element\">\n                  <!---->\n                  <div class=\"h-heading__outer style-488 style-local-360-c5\">\n                    <!---->\n                    <!---->\n                    <h2 class=\"\">Solaire au sol<\/h2>\n                  <\/div>\n                <\/div>\n                <div data-colibri-id=\"360-c6\" class=\"h-divider style-482 style-local-360-c6 position-relative h-element\">\n                  <!----><span class=\"h-divider__line style-482-line style-local-360-c6-line style-482-line style-local-360-c6-line\"><\/span><\/div>\n              <\/div>\n            <\/div>\n          <\/div>\n        <\/div>\n      <\/div>\n      <div data-colibri-id=\"360-c7\" class=\"h-row-container gutters-row-lg-2 gutters-row-md-2 gutters-row-0 gutters-row-v-lg-2 gutters-row-v-md-2 gutters-row-v-2 style-478 style-local-360-c7 position-relative\">\n        <!---->\n        <div class=\"h-row justify-content-lg-center justify-content-md-center justify-content-center align-items-lg-stretch align-items-md-stretch align-items-stretch gutters-col-lg-2 gutters-col-md-2 gutters-col-0 gutters-col-v-lg-2 gutters-col-v-md-2 gutters-col-v-2\">\n          <!---->\n          <div class=\"h-column h-column-container d-flex h-col-lg-auto h-col-md-auto h-col-auto style-479-outer style-local-360-c8-outer\">\n            <div data-colibri-id=\"360-c8\" class=\"d-flex h-flex-basis h-column__inner h-px-lg-2 h-px-md-2 h-px-2 v-inner-lg-2 v-inner-md-2 v-inner-2 style-479 style-local-360-c8 position-relative\">\n              <!---->\n              <!---->\n              <div class=\"w-100 h-y-container h-column__content h-column__v-align flex-basis-100 align-self-lg-start align-self-md-start align-self-start\">\n                <!---->\n                <div data-colibri-id=\"360-c9\" class=\"h-global-transition-all h-heading style-617 style-local-360-c9 position-relative h-element\">\n                  <!---->\n                  <div class=\"h-heading__outer style-617 style-local-360-c9\">\n                    <!---->\n                    <!---->\n                    <h3 class=\"\">Nos comp\u00e9tences dans le secteur du solaire au sol :<\/h3>\n                  <\/div>\n                <\/div>\n                <div data-colibri-id=\"360-c10\" class=\"h-text h-text-component style-480 style-local-360-c10 position-relative h-element\">\n                  <!---->\n                  <!---->\n                  <div class=\"\">\n                    <p><span style=\"color: rgb(32, 33, 36); font-family: arial, sans-serif; font-size: 16px; font-weight: 400;\">\u25cf&nbsp;&nbsp;<\/span>recherche de sites \u00e9ligibles aux installations photovolta\u00efques \u00ad<\/p>\n                    <p><span style=\"color: rgb(32, 33, 36); font-family: arial, sans-serif; font-size: 16px; font-weight: 400;\">\u25cf&nbsp;&nbsp;<\/span>d\u00e9marches administratives<\/p>\n                    <p><span style=\"color: rgb(32, 33, 36); font-family: arial, sans-serif; font-size: 16px; font-weight: 400;\">\u25cf&nbsp;&nbsp;<\/span>obtention des accords de collectivit\u00e9s territoriales, des accords fonciers et des accords de principes des\n                      chambres d&#8217;agricultures si n\u00e9cessaire<\/p>\n                    <p><span style=\"color: rgb(32, 33, 36); font-family: arial, sans-serif; font-size: 16px; font-weight: 400;\">\u25cf&nbsp;&nbsp;<\/span>apport de solutions r\u00e9pondant aux besoins des investisseurs et des propri\u00e9taires&nbsp;<\/p>\n                    <p><span style=\"color: rgb(32, 33, 36); font-family: arial, sans-serif; font-size: 16px; font-weight: 400;\">\u25cf&nbsp;&nbsp;<\/span>pose des installations photovolta\u00efques au sol<\/p>\n                    <p>\n                      <br>\n                    <\/p>\n                  <\/div>\n                <\/div>\n              <\/div>\n            <\/div>\n          <\/div>\n        <\/div>\n      <\/div>\n      <div data-colibri-id=\"360-c11\" class=\"h-row-container gutters-row-lg-2 gutters-row-md-2 gutters-row-0 gutters-row-v-lg-2 gutters-row-v-md-2 gutters-row-v-2 style-475 style-local-360-c11 position-relative\">\n        <!---->\n        <div class=\"h-row justify-content-lg-center justify-content-md-center justify-content-center align-items-lg-stretch align-items-md-stretch align-items-stretch gutters-col-lg-2 gutters-col-md-2 gutters-col-0 gutters-col-v-lg-2 gutters-col-v-md-2 gutters-col-v-2\">\n          <!---->\n          <div class=\"h-column h-column-container d-flex h-col-lg-auto h-col-md-auto h-col-auto style-476-outer style-local-360-c12-outer\">\n            <div data-colibri-id=\"360-c12\" class=\"d-flex h-flex-basis h-column__inner h-px-lg-2 h-px-md-2 h-px-2 v-inner-lg-2 v-inner-md-2 v-inner-2 style-476 style-local-360-c12 position-relative\">\n              <!---->\n              <!---->\n              <div class=\"w-100 h-y-container h-column__content h-column__v-align flex-basis-100 align-self-lg-start align-self-md-start align-self-start\">\n                <!---->\n                <div data-colibri-id=\"360-c13\" class=\"d-block style-489 style-local-360-c13 position-relative h-element\">\n                  <!---->\n                  <div class=\"h-image__frame-container-outer\">\n                    <div class=\"h-image__frame-container\">\n                      <!---->\n                      <!---->\n                      <img loading=\"lazy\" decoding=\"async\" width=\"1236\" height=\"1236\" src=\"http:\/\/renergies.fr\/wp-content\/uploads\/2022\/01\/cropped-cropped-pose-au-sol.png\" class=\"wp-image-884 style-489-image style-local-360-c13-image\" alt=\"\" srcset=\"https:\/\/renergies.fr\/wp-content\/uploads\/2022\/01\/cropped-cropped-pose-au-sol.png 1236w, https:\/\/renergies.fr\/wp-content\/uploads\/2022\/01\/cropped-cropped-pose-au-sol-300x300.png 300w, https:\/\/renergies.fr\/wp-content\/uploads\/2022\/01\/cropped-cropped-pose-au-sol-1024x1024.png 1024w, https:\/\/renergies.fr\/wp-content\/uploads\/2022\/01\/cropped-cropped-pose-au-sol-150x150.png 150w, https:\/\/renergies.fr\/wp-content\/uploads\/2022\/01\/cropped-cropped-pose-au-sol-768x768.png 768w\" sizes=\"auto, (max-width: 1236px) 100vw, 1236px\" \/>\n                      <div class=\"h-image__frame h-hide-lg h-hide-md h-hide-sm style-489-frameImage style-local-360-c13-frameImage\"><\/div>\n                    <\/div>\n                  <\/div>\n                <\/div>\n              <\/div>\n            <\/div>\n          <\/div>\n          <div class=\"h-column h-column-container d-flex h-col-lg-auto h-col-md-auto h-col-auto style-477-outer style-local-360-c14-outer\">\n            <div data-colibri-id=\"360-c14\" class=\"d-flex h-flex-basis h-column__inner h-px-lg-2 h-px-md-2 h-px-2 v-inner-lg-2 v-inner-md-2 v-inner-2 style-477 style-local-360-c14 position-relative\">\n              <!---->\n              <!---->\n              <div class=\"w-100 h-y-container h-column__content h-column__v-align flex-basis-100 align-self-lg-start align-self-md-start align-self-start\">\n                <!---->\n                <div data-colibri-id=\"360-c15\" class=\"d-block style-490 style-local-360-c15 position-relative h-element\">\n                  <!---->\n                  <div class=\"h-image__frame-container-outer\">\n                    <div class=\"h-image__frame-container\">\n                      <!---->\n                      <!---->\n                      <img loading=\"lazy\" decoding=\"async\" width=\"527\" height=\"527\" src=\"http:\/\/renergies.fr\/wp-content\/uploads\/2022\/02\/cropped-sol.jpg\" class=\"wp-image-886 style-490-image style-local-360-c15-image\" alt=\"\" srcset=\"https:\/\/renergies.fr\/wp-content\/uploads\/2022\/02\/cropped-sol.jpg 527w, https:\/\/renergies.fr\/wp-content\/uploads\/2022\/02\/cropped-sol-300x300.jpg 300w, https:\/\/renergies.fr\/wp-content\/uploads\/2022\/02\/cropped-sol-150x150.jpg 150w\" sizes=\"auto, (max-width: 527px) 100vw, 527px\" \/>\n                      <div class=\"h-image__frame h-hide-lg h-hide-md h-hide-sm style-490-frameImage style-local-360-c15-frameImage\"><\/div>\n                    <\/div>\n                  <\/div>\n                <\/div>\n              <\/div>\n            <\/div>\n          <\/div>\n        <\/div>\n      <\/div>\n    <\/div>\n  <\/div>\n  <div data-colibri-component=\"section\" data-colibri-id=\"360-c39\" id=\"agrivoltaisme\" class=\"h-section h-section-global-spacing d-flex align-items-lg-center align-items-md-center align-items-center style-515 style-local-360-c39 position-relative\">\n    <!---->\n    <!---->\n    <div class=\"h-section-grid-container h-section-boxed-container\">\n      <!---->\n      <div data-colibri-id=\"360-c40\" class=\"h-row-container gutters-row-lg-2 gutters-row-md-2 gutters-row-0 gutters-row-v-lg-2 gutters-row-v-md-2 gutters-row-v-2 style-522 style-local-360-c40 position-relative\">\n        <!---->\n        <div class=\"h-row justify-content-lg-center justify-content-md-center justify-content-center align-items-lg-stretch align-items-md-stretch align-items-stretch gutters-col-lg-2 gutters-col-md-2 gutters-col-0 gutters-col-v-lg-2 gutters-col-v-md-2 gutters-col-v-2\">\n          <!---->\n          <div class=\"h-column h-column-container d-flex h-col-lg-auto h-col-md-auto h-col-auto style-523-outer style-local-360-c41-outer\">\n            <div data-colibri-id=\"360-c41\" class=\"d-flex h-flex-basis h-column__inner h-px-lg-2 h-px-md-2 h-px-2 v-inner-lg-2 v-inner-md-2 v-inner-2 style-523 style-local-360-c41 position-relative\">\n              <!---->\n              <!---->\n              <div class=\"w-100 h-y-container h-column__content h-column__v-align flex-basis-100 align-self-lg-start align-self-md-start align-self-start\">\n                <!---->\n                <div data-colibri-id=\"360-c42\" class=\"h-global-transition-all h-heading style-524 style-local-360-c42 position-relative h-element\">\n                  <!---->\n                  <div class=\"h-heading__outer style-524 style-local-360-c42\">\n                    <!---->\n                    <!---->\n                    <h2 class=\"\">Agrivolta\u00efsme<\/h2>\n                  <\/div>\n                <\/div>\n                <div data-colibri-id=\"360-c43\" class=\"h-divider style-526 style-local-360-c43 position-relative h-element\">\n                  <!----><span class=\"h-divider__line style-526-line style-local-360-c43-line style-526-line style-local-360-c43-line\"><\/span><\/div>\n              <\/div>\n            <\/div>\n          <\/div>\n        <\/div>\n      <\/div>\n      <div data-colibri-id=\"360-c44\" class=\"h-row-container gutters-row-lg-2 gutters-row-md-2 gutters-row-0 gutters-row-v-lg-2 gutters-row-v-md-2 gutters-row-v-2 style-519 style-local-360-c44 position-relative\">\n        <!---->\n        <div class=\"h-row justify-content-lg-center justify-content-md-center justify-content-center align-items-lg-stretch align-items-md-stretch align-items-stretch gutters-col-lg-2 gutters-col-md-2 gutters-col-0 gutters-col-v-lg-2 gutters-col-v-md-2 gutters-col-v-2\">\n          <!---->\n          <div class=\"h-column h-column-container d-flex h-col-lg-auto h-col-md-auto h-col-auto style-520-outer style-local-360-c45-outer\">\n            <div data-colibri-id=\"360-c45\" class=\"d-flex h-flex-basis h-column__inner h-px-lg-2 h-px-md-2 h-px-2 v-inner-lg-2 v-inner-md-2 v-inner-2 style-520 style-local-360-c45 position-relative\">\n              <!---->\n              <!---->\n              <div class=\"w-100 h-y-container h-column__content h-column__v-align flex-basis-100 align-self-lg-start align-self-md-start align-self-start\">\n                <!---->\n                <div data-colibri-id=\"360-c46\" class=\"h-global-transition-all h-heading style-620 style-local-360-c46 position-relative h-element\">\n                  <!---->\n                  <div class=\"h-heading__outer style-620 style-local-360-c46\">\n                    <!---->\n                    <!---->\n                    <h3 class=\"\">Nos comp\u00e9tences dans le secteur de l&#8217;agrivolta\u00efsme :<\/h3>\n                  <\/div>\n                <\/div>\n                <div data-colibri-id=\"360-c47\" class=\"h-text h-text-component style-521 style-local-360-c47 position-relative h-element\">\n                  <!---->\n                  <!---->\n                  <div class=\"\">\n                    <p><span style=\"color: rgb(32, 33, 36); font-family: arial, sans-serif; font-size: 16px; font-weight: 400;\">\u25cf&nbsp;&nbsp;<\/span>recherche de sites agricoles (culture ou \u00e9levage) \u00e9ligibles \u00e0 l&#8217;agrivolta\u00efsme<\/p>\n                    <p><span style=\"color: rgb(32, 33, 36); font-family: arial, sans-serif; font-size: 16px; font-weight: 400;\">\u25cf&nbsp;&nbsp;<\/span>obtention des accords fonciers, des accords de collectivit\u00e9s territoriales et des accords de principes des\n                      chambres d&#8217;agricultures si n\u00e9cessaire<\/p>\n                    <p><span style=\"color: rgb(32, 33, 36); font-family: arial, sans-serif; font-size: 16px; font-weight: 400;\">\u25cf&nbsp;&nbsp;<\/span>d\u00e9marches administratives&nbsp;<\/p>\n                    <p><span style=\"color: rgb(32, 33, 36); font-family: arial, sans-serif; font-size: 16px; font-weight: 400;\">\u25cf&nbsp;&nbsp;c<\/span>hiffrage et l&#8217;\u00e9tude de faisabilit\u00e9<\/p>\n                    <p><span style=\"color: rgb(32, 33, 36); font-family: arial, sans-serif; font-size: 16px; font-weight: 400;\">\u25cf&nbsp;&nbsp;<\/span>mise en place de l&#8217;installation agrivolta\u00efque<\/p>\n                    <p>\n                      <br>\n                    <\/p>\n                  <\/div>\n                <\/div>\n              <\/div>\n            <\/div>\n          <\/div>\n        <\/div>\n      <\/div>\n      <div data-colibri-id=\"360-c48\" class=\"h-row-container gutters-row-lg-2 gutters-row-md-2 gutters-row-0 gutters-row-v-lg-2 gutters-row-v-md-2 gutters-row-v-2 style-516 style-local-360-c48 position-relative\">\n        <!---->\n        <div class=\"h-row justify-content-lg-center justify-content-md-center justify-content-center align-items-lg-stretch align-items-md-stretch align-items-stretch gutters-col-lg-2 gutters-col-md-2 gutters-col-0 gutters-col-v-lg-2 gutters-col-v-md-2 gutters-col-v-2\">\n          <!---->\n          <div class=\"h-column h-column-container d-flex h-col-lg-auto h-col-md-auto h-col-auto style-517-outer style-local-360-c49-outer\">\n            <div data-colibri-id=\"360-c49\" class=\"d-flex h-flex-basis h-column__inner h-px-lg-2 h-px-md-2 h-px-2 v-inner-lg-2 v-inner-md-2 v-inner-2 style-517 style-local-360-c49 position-relative\">\n              <!---->\n              <!---->\n              <div class=\"w-100 h-y-container h-column__content h-column__v-align flex-basis-100 align-self-lg-start align-self-md-start align-self-start\">\n                <!---->\n                <div data-colibri-id=\"360-c50\" class=\"d-block style-518 style-local-360-c50 position-relative h-element\">\n                  <!---->\n                  <div class=\"h-image__frame-container-outer\">\n                    <div class=\"h-image__frame-container\">\n                      <!---->\n                      <!---->\n                      <img loading=\"lazy\" decoding=\"async\" width=\"1238\" height=\"1236\" src=\"http:\/\/renergies.fr\/wp-content\/uploads\/2022\/01\/cropped-agrivoltaique2-1.png\" class=\"wp-image-506 style-518-image style-local-360-c50-image\" alt=\"\" srcset=\"https:\/\/renergies.fr\/wp-content\/uploads\/2022\/01\/cropped-agrivoltaique2-1.png 1238w, https:\/\/renergies.fr\/wp-content\/uploads\/2022\/01\/cropped-agrivoltaique2-1-300x300.png 300w, https:\/\/renergies.fr\/wp-content\/uploads\/2022\/01\/cropped-agrivoltaique2-1-1024x1022.png 1024w, https:\/\/renergies.fr\/wp-content\/uploads\/2022\/01\/cropped-agrivoltaique2-1-150x150.png 150w, https:\/\/renergies.fr\/wp-content\/uploads\/2022\/01\/cropped-agrivoltaique2-1-768x767.png 768w\" sizes=\"auto, (max-width: 1238px) 100vw, 1238px\" \/>\n                      <div class=\"h-image__frame h-hide-lg h-hide-md h-hide-sm style-518-frameImage style-local-360-c50-frameImage\"><\/div>\n                    <\/div>\n                  <\/div>\n                <\/div>\n              <\/div>\n            <\/div>\n          <\/div>\n        <\/div>\n      <\/div>\n    <\/div>\n  <\/div>\n<\/div>","protected":false},"excerpt":{"rendered":"<p>Solaire au sol Nos comp\u00e9tences dans le secteur du solaire au sol : \u25cf&nbsp;&nbsp;recherche de sites \u00e9ligibles aux installations photovolta\u00efques \u00ad \u25cf&nbsp;&nbsp;d\u00e9marches administratives \u25cf&nbsp;&nbsp;obtention des accords de collectivit\u00e9s territoriales, des accords fonciers et des accords de principes des chambres d&#8217;agricultures si n\u00e9cessaire \u25cf&nbsp;&nbsp;apport de solutions r\u00e9pondant aux besoins des investisseurs et des propri\u00e9taires&nbsp; \u25cf&nbsp;&nbsp;pose des [&hellip;]<\/p>\n","protected":false},"author":1,"featured_media":0,"parent":0,"menu_order":0,"comment_status":"closed","ping_status":"closed","template":"page-templates\/full-width-page.php","meta":{"footnotes":""},"class_list":["post-360","page","type-page","status-publish","hentry"],"_links":{"self":[{"href":"https:\/\/renergies.fr\/index.php\/wp-json\/wp\/v2\/pages\/360","targetHints":{"allow":["GET"]}}],"collection":[{"href":"https:\/\/renergies.fr\/index.php\/wp-json\/wp\/v2\/pages"}],"about":[{"href":"https:\/\/renergies.fr\/index.php\/wp-json\/wp\/v2\/types\/page"}],"author":[{"embeddable":true,"href":"https:\/\/renergies.fr\/index.php\/wp-json\/wp\/v2\/users\/1"}],"replies":[{"embeddable":true,"href":"https:\/\/renergies.fr\/index.php\/wp-json\/wp\/v2\/comments?post=360"}],"version-history":[{"count":20,"href":"https:\/\/renergies.fr\/index.php\/wp-json\/wp\/v2\/pages\/360\/revisions"}],"predecessor-version":[{"id":1985,"href":"https:\/\/renergies.fr\/index.php\/wp-json\/wp\/v2\/pages\/360\/revisions\/1985"}],"wp:attachment":[{"href":"https:\/\/renergies.fr\/index.php\/wp-json\/wp\/v2\/media?parent=360"}],"curies":[{"name":"wp","href":"https:\/\/api.w.org\/{rel}","templated":true}]}}