{"id":362,"date":"2022-01-18T16:36:49","date_gmt":"2022-01-18T15:36:49","guid":{"rendered":"http:\/\/renergies.fr\/?page_id=362"},"modified":"2022-03-24T16:19:47","modified_gmt":"2022-03-24T15:19:47","slug":"activite","status":"publish","type":"page","link":"https:\/\/renergies.fr\/index.php\/activite\/","title":{"rendered":"Activit\u00e9"},"content":{"rendered":"<div data-colibri-id=\"362-c1\" class=\"style-333 style-local-362-c1 position-relative\">\n  <!---->\n  <div data-colibri-component=\"section\" data-colibri-id=\"362-c2\" id=\"custom\" class=\"h-section h-section-global-spacing d-flex align-items-lg-center align-items-md-center align-items-center style-334 style-local-362-c2 position-relative\">\n    <!---->\n    <!---->\n    <div class=\"h-section-grid-container h-section-boxed-container\">\n      <!---->\n      <div data-colibri-id=\"362-c3\" class=\"h-row-container gutters-row-lg-2 gutters-row-md-2 gutters-row-0 gutters-row-v-lg-2 gutters-row-v-md-2 gutters-row-v-2 style-335 style-local-362-c3 position-relative\">\n        <!---->\n        <div class=\"h-row justify-content-lg-center justify-content-md-center justify-content-center align-items-lg-stretch align-items-md-stretch align-items-stretch gutters-col-lg-2 gutters-col-md-2 gutters-col-0 gutters-col-v-lg-2 gutters-col-v-md-2 gutters-col-v-2\">\n          <!---->\n          <div class=\"h-column h-column-container d-flex h-col-lg-auto h-col-md-auto h-col-auto style-336-outer style-local-362-c4-outer\">\n            <div data-colibri-id=\"362-c4\" class=\"d-flex h-flex-basis h-column__inner h-px-lg-2 h-px-md-2 h-px-2 v-inner-lg-2 v-inner-md-2 v-inner-2 style-336 style-local-362-c4 position-relative\">\n              <!---->\n              <!---->\n              <div class=\"w-100 h-y-container h-column__content h-column__v-align flex-basis-100 align-self-lg-start align-self-md-start align-self-start\">\n                <!---->\n                <div data-colibri-id=\"362-c5\" class=\"h-global-transition-all h-heading style-339 style-local-362-c5 position-relative h-element\">\n                  <!---->\n                  <div class=\"h-heading__outer style-339 style-local-362-c5\">\n                    <!---->\n                    <!---->\n                    <h2 class=\"\">Activit\u00e9 et partenariat<\/h2>\n                  <\/div>\n                <\/div>\n                <div data-colibri-id=\"362-c6\" class=\"h-text h-text-component style-338 style-local-362-c6 position-relative h-element\">\n                  <!---->\n                  <!---->\n                  <div class=\"\">\n                    <p>Fond\u00e9e par des professionnels exp\u00e9riment\u00e9s dans leur domaine, Renergies est une soci\u00e9t\u00e9 sp\u00e9cialis\u00e9 dans le secteur du photovolta\u00efque bas\u00e9e sur la r\u00e9gion Lyonnaise. Nous intervenons sur la France enti\u00e8re.&nbsp;<\/p>\n                    <p>Nous proposons des projets solaires professionnels cl\u00e9 en main ou pour investisseurs avec les missions suivantes :&nbsp;<\/p>\n                    <p>-prospection de nouveaux projets<\/p>\n                    <p>-audit de sites<\/p>\n                    <p>-d\u00e9marches administratives&nbsp;<\/p>\n                    <p>-chiffrage, pose et r\u00e9ception des installations<\/p>\n                    <p>March\u00e9s couverts : secteur agricole, industriel et municipaux.<\/p>\n                    <p>\n                      <br>\n                    <\/p>\n                    <p>\n                      <br>\n                    <\/p>\n                  <\/div>\n                <\/div>\n              <\/div>\n            <\/div>\n          <\/div>\n          <div class=\"h-column h-column-container d-flex h-col-lg-auto h-col-md-auto h-col-auto style-337-outer style-local-362-c7-outer\">\n            <div data-colibri-id=\"362-c7\" class=\"d-flex h-flex-basis h-column__inner h-px-lg-2 h-px-md-2 h-px-2 v-inner-lg-2 v-inner-md-2 v-inner-2 style-337 style-local-362-c7 position-relative\">\n              <!---->\n              <!---->\n              <div class=\"w-100 h-y-container h-column__content h-column__v-align flex-basis-100 align-self-lg-start align-self-md-start align-self-start\">\n                <!---->\n                <div data-colibri-id=\"362-c8\" class=\"d-block style-440 style-local-362-c8 position-relative h-element\">\n                  <!---->\n                  <div class=\"h-image__frame-container-outer\">\n                    <div class=\"h-image__frame-container\">\n                      <!---->\n                      <!---->\n                      <img loading=\"lazy\" decoding=\"async\" width=\"2559\" height=\"1707\" src=\"http:\/\/renergies.fr\/wp-content\/uploads\/2022\/02\/cropped-foreman-and-businessman-at-solar-energy-station-1-scaled-1.jpg\" class=\"wp-image-859 style-440-image style-local-362-c8-image\" alt=\"\" srcset=\"https:\/\/renergies.fr\/wp-content\/uploads\/2022\/02\/cropped-foreman-and-businessman-at-solar-energy-station-1-scaled-1.jpg 2559w, https:\/\/renergies.fr\/wp-content\/uploads\/2022\/02\/cropped-foreman-and-businessman-at-solar-energy-station-1-scaled-1-300x200.jpg 300w, https:\/\/renergies.fr\/wp-content\/uploads\/2022\/02\/cropped-foreman-and-businessman-at-solar-energy-station-1-scaled-1-1024x683.jpg 1024w, https:\/\/renergies.fr\/wp-content\/uploads\/2022\/02\/cropped-foreman-and-businessman-at-solar-energy-station-1-scaled-1-768x512.jpg 768w, https:\/\/renergies.fr\/wp-content\/uploads\/2022\/02\/cropped-foreman-and-businessman-at-solar-energy-station-1-scaled-1-1536x1025.jpg 1536w, https:\/\/renergies.fr\/wp-content\/uploads\/2022\/02\/cropped-foreman-and-businessman-at-solar-energy-station-1-scaled-1-2048x1366.jpg 2048w\" sizes=\"auto, (max-width: 2559px) 100vw, 2559px\" \/>\n                      <div class=\"h-image__frame h-hide-lg h-hide-md h-hide-sm style-440-frameImage style-local-362-c8-frameImage\"><\/div>\n                    <\/div>\n                  <\/div>\n                <\/div>\n              <\/div>\n            <\/div>\n          <\/div>\n        <\/div>\n      <\/div>\n    <\/div>\n  <\/div>\n<\/div>","protected":false},"excerpt":{"rendered":"<p>Activit\u00e9 et partenariat Fond\u00e9e par des professionnels exp\u00e9riment\u00e9s dans leur domaine, Renergies est une soci\u00e9t\u00e9 sp\u00e9cialis\u00e9 dans le secteur du photovolta\u00efque bas\u00e9e sur la r\u00e9gion Lyonnaise. Nous intervenons sur la France enti\u00e8re.&nbsp; Nous proposons des projets solaires professionnels cl\u00e9 en main ou pour investisseurs avec les missions suivantes :&nbsp; -prospection de nouveaux projets -audit de [&hellip;]<\/p>\n","protected":false},"author":1,"featured_media":0,"parent":0,"menu_order":0,"comment_status":"closed","ping_status":"closed","template":"page-templates\/full-width-page.php","meta":{"footnotes":""},"class_list":["post-362","page","type-page","status-publish","hentry"],"_links":{"self":[{"href":"https:\/\/renergies.fr\/index.php\/wp-json\/wp\/v2\/pages\/362","targetHints":{"allow":["GET"]}}],"collection":[{"href":"https:\/\/renergies.fr\/index.php\/wp-json\/wp\/v2\/pages"}],"about":[{"href":"https:\/\/renergies.fr\/index.php\/wp-json\/wp\/v2\/types\/page"}],"author":[{"embeddable":true,"href":"https:\/\/renergies.fr\/index.php\/wp-json\/wp\/v2\/users\/1"}],"replies":[{"embeddable":true,"href":"https:\/\/renergies.fr\/index.php\/wp-json\/wp\/v2\/comments?post=362"}],"version-history":[{"count":20,"href":"https:\/\/renergies.fr\/index.php\/wp-json\/wp\/v2\/pages\/362\/revisions"}],"predecessor-version":[{"id":1873,"href":"https:\/\/renergies.fr\/index.php\/wp-json\/wp\/v2\/pages\/362\/revisions\/1873"}],"wp:attachment":[{"href":"https:\/\/renergies.fr\/index.php\/wp-json\/wp\/v2\/media?parent=362"}],"curies":[{"name":"wp","href":"https:\/\/api.w.org\/{rel}","templated":true}]}}